{"id":25,"date":"2025-03-31T17:39:27","date_gmt":"2025-03-31T15:39:27","guid":{"rendered":"http:\/\/www.alexandredrouetphoto.be\/?page_id=25"},"modified":"2025-04-25T07:56:22","modified_gmt":"2025-04-25T05:56:22","slug":"infos","status":"publish","type":"page","link":"https:\/\/www.alexandredrouetphoto.be\/index.php\/infos\/","title":{"rendered":"infos"},"content":{"rendered":"\n<figure class=\"wp-block-image size-full is-resized\"><img loading=\"lazy\" decoding=\"async\" width=\"1000\" height=\"1000\" src=\"http:\/\/www.alexandredrouetphoto.be\/wp-content\/uploads\/2025\/03\/DSCF6801-web-cryo.jpg\" alt=\"\" class=\"wp-image-261\" style=\"width:188px;height:auto\" srcset=\"https:\/\/www.alexandredrouetphoto.be\/wp-content\/uploads\/2025\/03\/DSCF6801-web-cryo.jpg 1000w, https:\/\/www.alexandredrouetphoto.be\/wp-content\/uploads\/2025\/03\/DSCF6801-web-cryo-300x300.jpg 300w, https:\/\/www.alexandredrouetphoto.be\/wp-content\/uploads\/2025\/03\/DSCF6801-web-cryo-150x150.jpg 150w, https:\/\/www.alexandredrouetphoto.be\/wp-content\/uploads\/2025\/03\/DSCF6801-web-cryo-768x768.jpg 768w\" sizes=\"auto, (max-width: 1000px) 100vw, 1000px\" \/><\/figure>\n\n\n\n<p>Metteur en sc\u00e8ne et assistant \u00e0 la mise en sc\u00e8ne, passionn\u00e9 de photographie, il m&#8217;arrive de plus en plus souvent de lier les deux et de faire des photos de spectacle. Je fais aussi des visuels (affiches), des portraits pour des com\u00e9dien\u00b7nes,&#8230;<\/p>\n\n\n\n<p>Je suis \u00e9quip\u00e9 d&#8217;un boitier r\u00e9cent &#8211; le Fujifilm XT5, qui peut \u00eatre totalement silencieux &#8211; de deux objectifs compl\u00e9mentaires 16-55mm f\/2.8 et 50-140mm f\/2.8, ainsi que d&#8217;une optique fixe ultra-lumineuse 75mm f\/1.2. Je poss\u00e8de \u00e9galement une gamme d&#8217;objectifs vintage dont le Helios 44-2.<\/p>\n\n\n\n<p>N&#8217;h\u00e9sitez pas \u00e0 me contacter !  alexandre.drouet (at) cryotopsie.be<\/p>\n\n\n\n<p>Mon compte FlickR <a href=\"https:\/\/www.flickr.com\/photos\/182239523@N07\">https:\/\/www.flickr.com\/photos\/182239523@N07<\/a><\/p>\n\n\n\n<p>Le site de ma compagnie de th\u00e9\u00e2tre : <a href=\"https:\/\/www.cryotopsie.be\/\">https:\/\/www.cryotopsie.be<\/a><\/p>\n\n\n\n<p><\/p>\n","protected":false},"excerpt":{"rendered":"<p>Metteur en sc\u00e8ne et assistant \u00e0 la mise en sc\u00e8ne, passionn\u00e9 de photographie, il m&#8217;arrive de plus en plus souvent de lier les deux et de faire des photos de spectacle. Je fais aussi des visuels (affiches), des portraits pour des com\u00e9dien\u00b7nes,&#8230; Je suis \u00e9quip\u00e9 d&#8217;un boitier r\u00e9cent &#8211; le Fujifilm XT5, qui peut \u00eatre [&hellip;]<\/p>\n","protected":false},"author":1,"featured_media":0,"parent":0,"menu_order":0,"comment_status":"closed","ping_status":"closed","template":"","meta":{"footnotes":""},"class_list":["post-25","page","type-page","status-publish","hentry"],"_links":{"self":[{"href":"https:\/\/www.alexandredrouetphoto.be\/index.php\/wp-json\/wp\/v2\/pages\/25","targetHints":{"allow":["GET"]}}],"collection":[{"href":"https:\/\/www.alexandredrouetphoto.be\/index.php\/wp-json\/wp\/v2\/pages"}],"about":[{"href":"https:\/\/www.alexandredrouetphoto.be\/index.php\/wp-json\/wp\/v2\/types\/page"}],"author":[{"embeddable":true,"href":"https:\/\/www.alexandredrouetphoto.be\/index.php\/wp-json\/wp\/v2\/users\/1"}],"replies":[{"embeddable":true,"href":"https:\/\/www.alexandredrouetphoto.be\/index.php\/wp-json\/wp\/v2\/comments?post=25"}],"version-history":[{"count":13,"href":"https:\/\/www.alexandredrouetphoto.be\/index.php\/wp-json\/wp\/v2\/pages\/25\/revisions"}],"predecessor-version":[{"id":304,"href":"https:\/\/www.alexandredrouetphoto.be\/index.php\/wp-json\/wp\/v2\/pages\/25\/revisions\/304"}],"wp:attachment":[{"href":"https:\/\/www.alexandredrouetphoto.be\/index.php\/wp-json\/wp\/v2\/media?parent=25"}],"curies":[{"name":"wp","href":"https:\/\/api.w.org\/{rel}","templated":true}]}}